{"id":55702,"date":"2024-12-10T14:09:36","date_gmt":"2024-12-10T14:09:36","guid":{"rendered":"https:\/\/audeo-event.be\/location\/"},"modified":"2025-05-22T15:20:30","modified_gmt":"2025-05-22T15:20:30","slug":"location","status":"publish","type":"page","link":"https:\/\/audeo-event.be\/en\/location\/","title":{"rendered":"Location"},"content":{"rendered":"<p>[et_pb_section fb_built=&#8221;1&#8243; module_id=&#8221;header-page&#8221; _builder_version=&#8221;4.27.0&#8243; _module_preset=&#8221;default&#8221; background_color=&#8221;RGBA(255,255,255,0)&#8221; global_colors_info=&#8221;{}&#8221;][et_pb_row module_id=&#8221;header-page-1&#8243; _builder_version=&#8221;4.27.0&#8243; _module_preset=&#8221;default&#8221; global_colors_info=&#8221;{}&#8221;][et_pb_column type=&#8221;4_4&#8243; _builder_version=&#8221;4.27.0&#8243; _module_preset=&#8221;default&#8221; global_colors_info=&#8221;{}&#8221;][et_pb_text module_id=&#8221;header-page-1-text&#8221; _builder_version=&#8221;4.27.4&#8243; _module_preset=&#8221;default&#8221; animation_style=&#8221;slide&#8221; animation_direction=&#8221;bottom&#8221; global_colors_info=&#8221;{}&#8221;]<\/p>\n<h1 style=\"text-align: center;\">Professional <span style=\"color: #00ffff;\">audiovisual <br \/><\/span>Equipment rental<\/h1>\n<p>[\/et_pb_text][\/et_pb_column][\/et_pb_row][et_pb_row module_id=&#8221;header-page-2&#8243; _builder_version=&#8221;4.27.0&#8243; _module_preset=&#8221;default&#8221; global_colors_info=&#8221;{}&#8221;][et_pb_column type=&#8221;4_4&#8243; _builder_version=&#8221;4.27.0&#8243; _module_preset=&#8221;default&#8221; global_colors_info=&#8221;{}&#8221;][et_pb_button button_url=&#8221;\/en\/references&#8221; button_text=&#8221;See our references&#8221; module_class=&#8221;btn-style-1 header-page-btns&#8221; _builder_version=&#8221;4.27.4&#8243; _module_preset=&#8221;default&#8221; animation_style=&#8221;fade&#8221; animation_delay=&#8221;1000ms&#8221; hover_enabled=&#8221;0&#8243; global_colors_info=&#8221;{}&#8221; sticky_enabled=&#8221;0&#8243;][\/et_pb_button][et_pb_button button_url=&#8221;\/en\/contact&#8221; button_text=&#8221;Organise an event&#8221; module_class=&#8221;btn-style-2 header-page-btns&#8221; _builder_version=&#8221;4.27.4&#8243; _module_preset=&#8221;default&#8221; animation_style=&#8221;fade&#8221; animation_delay=&#8221;1200ms&#8221; hover_enabled=&#8221;0&#8243; global_colors_info=&#8221;{}&#8221; sticky_enabled=&#8221;0&#8243;][\/et_pb_button][\/et_pb_column][\/et_pb_row][et_pb_row module_id=&#8221;header-page-3&#8243; _builder_version=&#8221;4.27.0&#8243; _module_preset=&#8221;default&#8221; global_colors_info=&#8221;{}&#8221;][et_pb_column type=&#8221;4_4&#8243; _builder_version=&#8221;4.27.0&#8243; _module_preset=&#8221;default&#8221; global_colors_info=&#8221;{}&#8221;][et_pb_image src=&#8221;https:\/\/audeo-event.be\/wp-content\/uploads\/2024\/12\/Votre-Evenement-Notre-Expertise-Technique-min.png&#8221; title_text=&#8221;Votre \u00c9v\u00e9nement, Notre Expertise Technique-min&#8221; module_id=&#8221;header-page-image&#8221; module_class=&#8221;image-desktop-tablet header-page-image&#8221; _builder_version=&#8221;4.27.0&#8243; _module_preset=&#8221;default&#8221; animation_style=&#8221;fade&#8221; global_colors_info=&#8221;{}&#8221;][\/et_pb_image][et_pb_image src=&#8221;https:\/\/audeo-event.be\/wp-content\/uploads\/2024\/12\/Votre-Evenement-Notre-Expertise-Technique-min-mobile.png&#8221; title_text=&#8221;Votre \u00c9v\u00e9nement, Notre Expertise Technique-min mobile&#8221; module_id=&#8221;header-page-image&#8221; module_class=&#8221;image-mobile header-page-image&#8221; _builder_version=&#8221;4.27.0&#8243; _module_preset=&#8221;default&#8221; animation_style=&#8221;fade&#8221; global_colors_info=&#8221;{}&#8221;][\/et_pb_image][\/et_pb_column][\/et_pb_row][\/et_pb_section][et_pb_section fb_built=&#8221;1&#8243; module_id=&#8221;logos-location&#8221; module_class=&#8221;logos-location&#8221; _builder_version=&#8221;4.27.0&#8243; _module_preset=&#8221;default&#8221; background_color=&#8221;RGBA(255,255,255,0)&#8221; global_colors_info=&#8221;{}&#8221;][et_pb_row module_id=&#8221;logos-location-1&#8243; module_class=&#8221;logos-location-1&#8243; _builder_version=&#8221;4.27.0&#8243; _module_preset=&#8221;default&#8221; global_colors_info=&#8221;{}&#8221;][et_pb_column type=&#8221;4_4&#8243; _builder_version=&#8221;4.27.0&#8243; _module_preset=&#8221;default&#8221; global_colors_info=&#8221;{}&#8221;][wdcl_logo_carousel animation_speed=&#8221;2000ms&#8221; is_autoplay=&#8221;off&#8221; slide_count=&#8221;5&#8243; arrow_color=&#8221;#FFFFFF&#8221; arrow_bg=&#8221;#3c6ea0&#8243; logo_hover=&#8221;no_hover&#8221; logo_height=&#8221;210px&#8221; slide_count_tablet=&#8221;4&#8243; slide_count_phone=&#8221;1&#8243; slide_count_last_edited=&#8221;on|desktop&#8221; _builder_version=&#8221;4.27.0&#8243; _module_preset=&#8221;default&#8221; hover_transition_duration=&#8221;100ms&#8221; global_colors_info=&#8221;{}&#8221;][wdcl_logo_carousel_child logo=&#8221;https:\/\/audeo-event.be\/wp-content\/uploads\/2024\/12\/L-Acoustics_logo.jpg&#8221; _builder_version=&#8221;4.27.0&#8243; _module_preset=&#8221;default&#8221; global_colors_info=&#8221;{}&#8221;][\/wdcl_logo_carousel_child][wdcl_logo_carousel_child logo=&#8221;https:\/\/audeo-event.be\/wp-content\/uploads\/2024\/12\/5a5b947c14d8c4188e0b0944.png&#8221; _builder_version=&#8221;4.27.0&#8243; _module_preset=&#8221;default&#8221; global_colors_info=&#8221;{}&#8221;][\/wdcl_logo_carousel_child][wdcl_logo_carousel_child logo=&#8221;https:\/\/audeo-event.be\/wp-content\/uploads\/2024\/12\/Blackmagic_Design_Logo.svg.png&#8221; _builder_version=&#8221;4.27.0&#8243; _module_preset=&#8221;default&#8221; global_colors_info=&#8221;{}&#8221;][\/wdcl_logo_carousel_child][wdcl_logo_carousel_child logo=&#8221;https:\/\/audeo-event.be\/wp-content\/uploads\/2024\/12\/qsc-llc-vector-logo-2022.png&#8221; _builder_version=&#8221;4.27.0&#8243; _module_preset=&#8221;default&#8221; global_colors_info=&#8221;{}&#8221;][\/wdcl_logo_carousel_child][wdcl_logo_carousel_child logo=&#8221;https:\/\/audeo-event.be\/wp-content\/uploads\/2024\/12\/Ayrton-Logo.png&#8221; _builder_version=&#8221;4.27.0&#8243; _module_preset=&#8221;default&#8221; global_colors_info=&#8221;{}&#8221;][\/wdcl_logo_carousel_child][wdcl_logo_carousel_child logo=&#8221;https:\/\/audeo-event.be\/wp-content\/uploads\/2024\/12\/Yamaha_logo.svg.png&#8221; _builder_version=&#8221;4.27.0&#8243; _module_preset=&#8221;default&#8221; global_colors_info=&#8221;{}&#8221;][\/wdcl_logo_carousel_child][wdcl_logo_carousel_child logo=&#8221;https:\/\/audeo-event.be\/wp-content\/uploads\/2024\/12\/Panasonic-Logo.wine_.png&#8221; _builder_version=&#8221;4.27.0&#8243; _module_preset=&#8221;default&#8221; global_colors_info=&#8221;{}&#8221;][\/wdcl_logo_carousel_child][wdcl_logo_carousel_child logo=&#8221;https:\/\/audeo-event.be\/wp-content\/uploads\/2024\/12\/MA-Lighting-logo.jpg&#8221; _builder_version=&#8221;4.27.0&#8243; _module_preset=&#8221;default&#8221; global_colors_info=&#8221;{}&#8221;][\/wdcl_logo_carousel_child][wdcl_logo_carousel_child logo=&#8221;https:\/\/audeo-event.be\/wp-content\/uploads\/2024\/12\/Logo-Prolyte.jpg&#8221; _builder_version=&#8221;4.27.0&#8243; _module_preset=&#8221;default&#8221; global_colors_info=&#8221;{}&#8221;][\/wdcl_logo_carousel_child][\/wdcl_logo_carousel][\/et_pb_column][\/et_pb_row][\/et_pb_section][et_pb_section fb_built=&#8221;1&#8243; module_id=&#8221;pdf-bloc&#8221; _builder_version=&#8221;4.27.0&#8243; _module_preset=&#8221;default&#8221; background_color=&#8221;RGBA(255,255,255,0)&#8221; global_colors_info=&#8221;{}&#8221;][et_pb_row module_id=&#8221;pdf-bloc-1&#8243; _builder_version=&#8221;4.27.0&#8243; _module_preset=&#8221;default&#8221; global_colors_info=&#8221;{}&#8221;][et_pb_column type=&#8221;4_4&#8243; _builder_version=&#8221;4.27.0&#8243; _module_preset=&#8221;default&#8221; global_colors_info=&#8221;{}&#8221;][et_pb_text _builder_version=&#8221;4.27.4&#8243; _module_preset=&#8221;default&#8221; animation_style=&#8221;fade&#8221; global_colors_info=&#8221;{}&#8221;]<\/p>\n<h2 style=\"text-align: center;\">High-End Equipment for All Your <span style=\"color: #00ffff;\">events<\/span><\/h2>\n<p style=\"text-align: center;\">Rent our high-end audiovisual equipment, meticulously maintained for optimal performance. Explore our online catalog featuring a wide selection of gear, including sound systems (L-Acoustics, QSC), lighting (Ayrton, MA3), video equipment (Blackmagic, Panasonic), and structures (Prolyte).<\/p>\n<p style=\"text-align: center;\">Our warehouse, located in Vilvoorde near Brussels, is easily accessible for both pickup and return, with a flexible 72-hour rental package. We also serve nearby regions such as Gembloux, Tervuren, Enghien, Louvain-la-Neuve, as well as other cities across Wallonia and Flanders. Rental terms include tiered pricing coefficients and a deposit system for added security.<\/p>\n<p>[\/et_pb_text][\/et_pb_column][\/et_pb_row][et_pb_row module_id=&#8221;pdf-bloc-2&#8243; _builder_version=&#8221;4.27.0&#8243; _module_preset=&#8221;default&#8221; global_colors_info=&#8221;{}&#8221;][et_pb_column type=&#8221;4_4&#8243; _builder_version=&#8221;4.27.0&#8243; _module_preset=&#8221;default&#8221; global_colors_info=&#8221;{}&#8221;][et_pb_code module_id=&#8221;pdf-flipbook&#8221; _builder_version=&#8221;4.27.0&#8243; _module_preset=&#8221;default&#8221; animation_style=&#8221;fade&#8221; global_colors_info=&#8221;{}&#8221;]<div class=\"_df_book df-lite\" id=\"df_510\"  _slug=\"location\" data-title=\"location\" wpoptions=\"true\" thumbtype=\"\" ><\/div><script class=\"df-shortcode-script\" nowprocket type=\"application\/javascript\">window.option_df_510 = {\"outline\":[],\"backgroundColor\":\"#0e1a36\",\"height\":\"1000\",\"viewerType\":\"flipbook\",\"autoEnableOutline\":\"false\",\"autoEnableThumbnail\":\"false\",\"overwritePDFOutline\":\"false\",\"direction\":\"1\",\"pageSize\":\"0\",\"pageMode\":\"2\",\"singlePageMode\":\"0\",\"controlsPosition\":\"top\",\"soundEnable\":\"false\",\"source\":\"https:\\\/\\\/audeo-event.be\\\/wp-content\\\/uploads\\\/2024\\\/12\\\/Catalogue-Audeo-2026-03.pdf\",\"wpOptions\":\"true\"}; if(window.DFLIP && window.DFLIP.parseBooks){window.DFLIP.parseBooks();}<\/script>[\/et_pb_code][\/et_pb_column][\/et_pb_row][et_pb_row module_id=&#8221;pdf-bloc-1&#8243; _builder_version=&#8221;4.27.0&#8243; _module_preset=&#8221;default&#8221; global_colors_info=&#8221;{}&#8221;][et_pb_column type=&#8221;4_4&#8243; _builder_version=&#8221;4.27.0&#8243; _module_preset=&#8221;default&#8221; global_colors_info=&#8221;{}&#8221;][et_pb_text _builder_version=&#8221;4.27.4&#8243; _module_preset=&#8221;default&#8221; animation_style=&#8221;slide&#8221; animation_direction=&#8221;bottom&#8221; global_colors_info=&#8221;{}&#8221;]<\/p>\n<p style=\"text-align: center;\"><strong>We partner with the industry&#8217;s leading brands \u2014 including L-Acoustics, QSC, Yamaha, Ayrton, Blackmagic, and Panasonic \u2014 to ensure impeccable quality. <\/strong><strong>Rent today for a successful event!<\/strong><\/p>\n<p>[\/et_pb_text][et_pb_button button_url=&#8221;\/en\/contact&#8221; button_text=&#8221;Contact audeo event&#8221; module_class=&#8221;btn-style-2 solo-btn&#8221; _builder_version=&#8221;4.27.4&#8243; _module_preset=&#8221;default&#8221; custom_margin=&#8221;30px||||false|false&#8221; animation_style=&#8221;fade&#8221; animation_delay=&#8221;1200ms&#8221; hover_enabled=&#8221;0&#8243; global_colors_info=&#8221;{}&#8221; sticky_enabled=&#8221;0&#8243;][\/et_pb_button][\/et_pb_column][\/et_pb_row][\/et_pb_section]<\/p>\n","protected":false},"excerpt":{"rendered":"<p>Professional audiovisual Equipment rental<div class=\"et_pb_module wdcl_logo_carousel wdcl_logo_carousel_0\">\n\t\t\t\t\n\t\t\t\t\n\t\t\t\t\n\t\t\t\t\n\t\t\t\t\n\t\t\t\t\n\t\t\t\t<div class=\"et_pb_module_inner\">\n\t\t\t\t\t<div dir=\"ltr\" class=\"dcf-container dcf-logo-carousel no_hover\" data-pagi=\"false\"\n\t\t\tdata-pagi-tablet=\"false\"\n\t\t\tdata-pagi-phone=\"false\"\n\t\t\tdata-nav=\"true\"\n\t\t\tdata-nav-tablet=\"true\"\n\t\t\tdata-nav-phone=\"true\"\n\t\t\tdata-autoplay=\"off\"\n\t\t\tdata-autoplay-speed=\"2000ms\"\n\t\t\tdata-speed=\"2000ms\"\n\t\t\tdata-slides=\"5\"\n\t\t\tdata-slides-tablet=\"4\"\n\t\t\tdata-slides-phone=\"1\"\n\t\t\tdata-center=\"off\"\n\t\t\tdata-center-mode-type=\"classic\"\n\t\t\tdata-center-padding=\"70px||\"\n\t\t\tdata-vertical=\"off\"\n\t\t\tdata-icon-left=\"4\"\n\t\t\tdata-icon-right=\"5\"\n\t\t\tdata-infinite=\"on\"\n\t\t\tdata-variable-width=\"off\"\n\t\t\tdata-auto-height=\"off\"\n\t\t\tdata-items-scroll=\"1||\"\n\t\t\tdata-fade=\"off\"\n\t\t\tdata-dir=\"ltr\" >\n                <div class=\"wdcl_logo_carousel_child wdcl_logo_carousel_child_0 wdc_et_pb_module\">\n\t\t\t\t\n\t\t\t\t\n\t\t\t\t\n\t\t\t\t\n\t\t\t\t\n\t\t\t\t\n\t\t\t\t<div class=\"et_pb_module_inner\">\n\t\t\t\t\t<div class=\"dcf-carousel-item dcf-logo-carousel-item dcf-image-swap\">\n\t\t\t<div class=\"dcf-overlay\" data-icon=\"\"><\/div>\n\t\t\t\t<div><img decoding=\"async\" class=\"dcf-swapped-img\" data-mfp-src=\"https:\/\/audeo-event.be\/wp-content\/uploads\/2024\/12\/L-Acoustics_logo.jpg\" src=\"https:\/\/audeo-event.be\/wp-content\/uploads\/2024\/12\/L-Acoustics_logo.jpg\" alt=\"\"\/><\/div>\n\t\t\t<\/div>\n\t\t\t\t<\/div>\n\t\t\t<\/div><div class=\"wdcl_logo_carousel_child wdcl_logo_carousel_child_1 wdc_et_pb_module\">\n\t\t\t\t\n\t\t\t\t\n\t\t\t\t\n\t\t\t\t\n\t\t\t\t\n\t\t\t\t\n\t\t\t\t<div class=\"et_pb_module_inner\">\n\t\t\t\t\t<div class=\"dcf-carousel-item dcf-logo-carousel-item dcf-image-swap\">\n\t\t\t<div class=\"dcf-overlay\" data-icon=\"\"><\/div>\n\t\t\t\t<div><img decoding=\"async\" class=\"dcf-swapped-img\" data-mfp-src=\"https:\/\/audeo-event.be\/wp-content\/uploads\/2024\/12\/5a5b947c14d8c4188e0b0944.png\" src=\"https:\/\/audeo-event.be\/wp-content\/uploads\/2024\/12\/5a5b947c14d8c4188e0b0944.png\" alt=\"\"\/><\/div>\n\t\t\t<\/div>\n\t\t\t\t<\/div>\n\t\t\t<\/div><div class=\"wdcl_logo_carousel_child wdcl_logo_carousel_child_2 wdc_et_pb_module\">\n\t\t\t\t\n\t\t\t\t\n\t\t\t\t\n\t\t\t\t\n\t\t\t\t\n\t\t\t\t\n\t\t\t\t<div class=\"et_pb_module_inner\">\n\t\t\t\t\t<div class=\"dcf-carousel-item dcf-logo-carousel-item dcf-image-swap\">\n\t\t\t<div class=\"dcf-overlay\" data-icon=\"\"><\/div>\n\t\t\t\t<div><img decoding=\"async\" class=\"dcf-swapped-img\" data-mfp-src=\"https:\/\/audeo-event.be\/wp-content\/uploads\/2024\/12\/Blackmagic_Design_Logo.svg.png\" src=\"https:\/\/audeo-event.be\/wp-content\/uploads\/2024\/12\/Blackmagic_Design_Logo.svg.png\" alt=\"\"\/><\/div>\n\t\t\t<\/div>\n\t\t\t\t<\/div>\n\t\t\t<\/div><div class=\"wdcl_logo_carousel_child wdcl_logo_carousel_child_3 wdc_et_pb_module\">\n\t\t\t\t\n\t\t\t\t\n\t\t\t\t\n\t\t\t\t\n\t\t\t\t\n\t\t\t\t\n\t\t\t\t<div class=\"et_pb_module_inner\">\n\t\t\t\t\t<div class=\"dcf-carousel-item dcf-logo-carousel-item dcf-image-swap\">\n\t\t\t<div class=\"dcf-overlay\" data-icon=\"\"><\/div>\n\t\t\t\t<div><img decoding=\"async\" class=\"dcf-swapped-img\" data-mfp-src=\"https:\/\/audeo-event.be\/wp-content\/uploads\/2024\/12\/qsc-llc-vector-logo-2022.png\" src=\"https:\/\/audeo-event.be\/wp-content\/uploads\/2024\/12\/qsc-llc-vector-logo-2022.png\" alt=\"\"\/><\/div>\n\t\t\t<\/div>\n\t\t\t\t<\/div>\n\t\t\t<\/div><div class=\"wdcl_logo_carousel_child wdcl_logo_carousel_child_4 wdc_et_pb_module\">\n\t\t\t\t\n\t\t\t\t\n\t\t\t\t\n\t\t\t\t\n\t\t\t\t\n\t\t\t\t\n\t\t\t\t<div class=\"et_pb_module_inner\">\n\t\t\t\t\t<div class=\"dcf-carousel-item dcf-logo-carousel-item dcf-image-swap\">\n\t\t\t<div class=\"dcf-overlay\" data-icon=\"\"><\/div>\n\t\t\t\t<div><img decoding=\"async\" class=\"dcf-swapped-img\" data-mfp-src=\"https:\/\/audeo-event.be\/wp-content\/uploads\/2024\/12\/Ayrton-Logo.png\" src=\"https:\/\/audeo-event.be\/wp-content\/uploads\/2024\/12\/Ayrton-Logo.png\" alt=\"\"\/><\/div>\n\t\t\t<\/div>\n\t\t\t\t<\/div>\n\t\t\t<\/div><div class=\"wdcl_logo_carousel_child wdcl_logo_carousel_child_5 wdc_et_pb_module\">\n\t\t\t\t\n\t\t\t\t\n\t\t\t\t\n\t\t\t\t\n\t\t\t\t\n\t\t\t\t\n\t\t\t\t<div class=\"et_pb_module_inner\">\n\t\t\t\t\t<div class=\"dcf-carousel-item dcf-logo-carousel-item dcf-image-swap\">\n\t\t\t<div class=\"dcf-overlay\" data-icon=\"\"><\/div>\n\t\t\t\t<div><img decoding=\"async\" class=\"dcf-swapped-img\" data-mfp-src=\"https:\/\/audeo-event.be\/wp-content\/uploads\/2024\/12\/Yamaha_logo.svg.png\" src=\"https:\/\/audeo-event.be\/wp-content\/uploads\/2024\/12\/Yamaha_logo.svg.png\" alt=\"\"\/><\/div>\n\t\t\t<\/div>\n\t\t\t\t<\/div>\n\t\t\t<\/div><div class=\"wdcl_logo_carousel_child wdcl_logo_carousel_child_6 wdc_et_pb_module\">\n\t\t\t\t\n\t\t\t\t\n\t\t\t\t\n\t\t\t\t\n\t\t\t\t\n\t\t\t\t\n\t\t\t\t<div class=\"et_pb_module_inner\">\n\t\t\t\t\t<div class=\"dcf-carousel-item dcf-logo-carousel-item dcf-image-swap\">\n\t\t\t<div class=\"dcf-overlay\" data-icon=\"\"><\/div>\n\t\t\t\t<div><img decoding=\"async\" class=\"dcf-swapped-img\" data-mfp-src=\"https:\/\/audeo-event.be\/wp-content\/uploads\/2024\/12\/Panasonic-Logo.wine_.png\" src=\"https:\/\/audeo-event.be\/wp-content\/uploads\/2024\/12\/Panasonic-Logo.wine_.png\" alt=\"\"\/><\/div>\n\t\t\t<\/div>\n\t\t\t\t<\/div>\n\t\t\t<\/div><div class=\"wdcl_logo_carousel_child wdcl_logo_carousel_child_7 wdc_et_pb_module\">\n\t\t\t\t\n\t\t\t\t\n\t\t\t\t\n\t\t\t\t\n\t\t\t\t\n\t\t\t\t\n\t\t\t\t<div class=\"et_pb_module_inner\">\n\t\t\t\t\t<div class=\"dcf-carousel-item dcf-logo-carousel-item dcf-image-swap\">\n\t\t\t<div class=\"dcf-overlay\" data-icon=\"\"><\/div>\n\t\t\t\t<div><img decoding=\"async\" class=\"dcf-swapped-img\" data-mfp-src=\"https:\/\/audeo-event.be\/wp-content\/uploads\/2024\/12\/MA-Lighting-logo.jpg\" src=\"https:\/\/audeo-event.be\/wp-content\/uploads\/2024\/12\/MA-Lighting-logo.jpg\" alt=\"\"\/><\/div>\n\t\t\t<\/div>\n\t\t\t\t<\/div>\n\t\t\t<\/div><div class=\"wdcl_logo_carousel_child wdcl_logo_carousel_child_8 wdc_et_pb_module\">\n\t\t\t\t\n\t\t\t\t\n\t\t\t\t\n\t\t\t\t\n\t\t\t\t\n\t\t\t\t\n\t\t\t\t<div class=\"et_pb_module_inner\">\n\t\t\t\t\t<div class=\"dcf-carousel-item dcf-logo-carousel-item dcf-image-swap\">\n\t\t\t<div class=\"dcf-overlay\" data-icon=\"\"><\/div>\n\t\t\t\t<div><img decoding=\"async\" class=\"dcf-swapped-img\" data-mfp-src=\"https:\/\/audeo-event.be\/wp-content\/uploads\/2024\/12\/Logo-Prolyte.jpg\" src=\"https:\/\/audeo-event.be\/wp-content\/uploads\/2024\/12\/Logo-Prolyte.jpg\" alt=\"\"\/><\/div>\n\t\t\t<\/div>\n\t\t\t\t<\/div>\n\t\t\t<\/div>\n            <\/div>\n\t\t\t\t<\/div>\n\t\t\t<\/div>High-End Equipment [&hellip;]<\/p>\n","protected":false},"author":1,"featured_media":0,"parent":0,"menu_order":0,"comment_status":"closed","ping_status":"closed","template":"","meta":{"_acf_changed":false,"_et_pb_use_builder":"on","_et_pb_old_content":"<!-- wp:divi\/placeholder \/-->","_et_gb_content_width":"","inline_featured_image":false,"footnotes":""},"class_list":["post-55702","page","type-page","status-publish","hentry"],"acf":[],"yoast_head":"<!-- This site is optimized with the Yoast SEO plugin v27.6 - https:\/\/yoast.com\/product\/yoast-seo-wordpress\/ -->\n<title>Location de mat\u00e9riel audiovisuel professionnel \u00e0 Bruxelles<\/title>\n<meta name=\"description\" content=\"Louez du mat\u00e9riel audiovisuel haut de gamme (L-Acoustics, Blackmagic, Ayrton) chez Audeo Event. Retrait facile \u00e0 Vilvorde pr\u00e8s de Bruxelles.\" \/>\n<meta name=\"robots\" content=\"index, follow, max-snippet:-1, max-image-preview:large, max-video-preview:-1\" \/>\n<link rel=\"canonical\" href=\"https:\/\/audeo-event.be\/en\/location\/\" \/>\n<meta property=\"og:locale\" content=\"en_US\" \/>\n<meta property=\"og:type\" content=\"article\" \/>\n<meta property=\"og:title\" content=\"Location de mat\u00e9riel audiovisuel professionnel \u00e0 Bruxelles\" \/>\n<meta property=\"og:description\" content=\"Louez du mat\u00e9riel audiovisuel haut de gamme (L-Acoustics, Blackmagic, Ayrton) chez Audeo Event. Retrait facile \u00e0 Vilvorde pr\u00e8s de Bruxelles.\" \/>\n<meta property=\"og:url\" content=\"https:\/\/audeo-event.be\/en\/location\/\" \/>\n<meta property=\"og:site_name\" content=\"Audeo\" \/>\n<meta property=\"article:publisher\" content=\"https:\/\/www.facebook.com\/audeoevent\" \/>\n<meta property=\"article:modified_time\" content=\"2025-05-22T15:20:30+00:00\" \/>\n<meta name=\"twitter:card\" content=\"summary_large_image\" \/>\n<meta name=\"twitter:label1\" content=\"Est. reading time\" \/>\n\t<meta name=\"twitter:data1\" content=\"4 minutes\" \/>\n<script type=\"application\/ld+json\" class=\"yoast-schema-graph\">{\"@context\":\"https:\\\/\\\/schema.org\",\"@graph\":[{\"@type\":\"WebPage\",\"@id\":\"https:\\\/\\\/audeo-event.be\\\/en\\\/location\\\/\",\"url\":\"https:\\\/\\\/audeo-event.be\\\/en\\\/location\\\/\",\"name\":\"Location de mat\u00e9riel audiovisuel professionnel \u00e0 Bruxelles\",\"isPartOf\":{\"@id\":\"https:\\\/\\\/audeo-event.be\\\/en\\\/#website\"},\"datePublished\":\"2024-12-10T14:09:36+00:00\",\"dateModified\":\"2025-05-22T15:20:30+00:00\",\"description\":\"Louez du mat\u00e9riel audiovisuel haut de gamme (L-Acoustics, Blackmagic, Ayrton) chez Audeo Event. Retrait facile \u00e0 Vilvorde pr\u00e8s de Bruxelles.\",\"breadcrumb\":{\"@id\":\"https:\\\/\\\/audeo-event.be\\\/en\\\/location\\\/#breadcrumb\"},\"inLanguage\":\"en-US\",\"potentialAction\":[{\"@type\":\"ReadAction\",\"target\":[\"https:\\\/\\\/audeo-event.be\\\/en\\\/location\\\/\"]}]},{\"@type\":\"BreadcrumbList\",\"@id\":\"https:\\\/\\\/audeo-event.be\\\/en\\\/location\\\/#breadcrumb\",\"itemListElement\":[{\"@type\":\"ListItem\",\"position\":1,\"name\":\"Accueil\",\"item\":\"https:\\\/\\\/audeo-event.be\\\/en\\\/\"},{\"@type\":\"ListItem\",\"position\":2,\"name\":\"Location\"}]},{\"@type\":\"WebSite\",\"@id\":\"https:\\\/\\\/audeo-event.be\\\/en\\\/#website\",\"url\":\"https:\\\/\\\/audeo-event.be\\\/en\\\/\",\"name\":\"Audeo Event\",\"description\":\"\",\"publisher\":{\"@id\":\"https:\\\/\\\/audeo-event.be\\\/en\\\/#organization\"},\"potentialAction\":[{\"@type\":\"SearchAction\",\"target\":{\"@type\":\"EntryPoint\",\"urlTemplate\":\"https:\\\/\\\/audeo-event.be\\\/en\\\/?s={search_term_string}\"},\"query-input\":{\"@type\":\"PropertyValueSpecification\",\"valueRequired\":true,\"valueName\":\"search_term_string\"}}],\"inLanguage\":\"en-US\"},{\"@type\":\"Organization\",\"@id\":\"https:\\\/\\\/audeo-event.be\\\/en\\\/#organization\",\"name\":\"Audeo Event\",\"url\":\"https:\\\/\\\/audeo-event.be\\\/en\\\/\",\"logo\":{\"@type\":\"ImageObject\",\"inLanguage\":\"en-US\",\"@id\":\"https:\\\/\\\/audeo-event.be\\\/en\\\/#\\\/schema\\\/logo\\\/image\\\/\",\"url\":\"https:\\\/\\\/audeo-event.be\\\/wp-content\\\/uploads\\\/2024\\\/12\\\/AUDEO-Logo-white-backgound.png\",\"contentUrl\":\"https:\\\/\\\/audeo-event.be\\\/wp-content\\\/uploads\\\/2024\\\/12\\\/AUDEO-Logo-white-backgound.png\",\"width\":2556,\"height\":1621,\"caption\":\"Audeo Event\"},\"image\":{\"@id\":\"https:\\\/\\\/audeo-event.be\\\/en\\\/#\\\/schema\\\/logo\\\/image\\\/\"},\"sameAs\":[\"https:\\\/\\\/www.facebook.com\\\/audeoevent\"]}]}<\/script>\n<!-- \/ Yoast SEO plugin. -->","yoast_head_json":{"title":"Location de mat\u00e9riel audiovisuel professionnel \u00e0 Bruxelles","description":"Louez du mat\u00e9riel audiovisuel haut de gamme (L-Acoustics, Blackmagic, Ayrton) chez Audeo Event. Retrait facile \u00e0 Vilvorde pr\u00e8s de Bruxelles.","robots":{"index":"index","follow":"follow","max-snippet":"max-snippet:-1","max-image-preview":"max-image-preview:large","max-video-preview":"max-video-preview:-1"},"canonical":"https:\/\/audeo-event.be\/en\/location\/","og_locale":"en_US","og_type":"article","og_title":"Location de mat\u00e9riel audiovisuel professionnel \u00e0 Bruxelles","og_description":"Louez du mat\u00e9riel audiovisuel haut de gamme (L-Acoustics, Blackmagic, Ayrton) chez Audeo Event. Retrait facile \u00e0 Vilvorde pr\u00e8s de Bruxelles.","og_url":"https:\/\/audeo-event.be\/en\/location\/","og_site_name":"Audeo","article_publisher":"https:\/\/www.facebook.com\/audeoevent","article_modified_time":"2025-05-22T15:20:30+00:00","twitter_card":"summary_large_image","twitter_misc":{"Est. reading time":"4 minutes"},"schema":{"@context":"https:\/\/schema.org","@graph":[{"@type":"WebPage","@id":"https:\/\/audeo-event.be\/en\/location\/","url":"https:\/\/audeo-event.be\/en\/location\/","name":"Location de mat\u00e9riel audiovisuel professionnel \u00e0 Bruxelles","isPartOf":{"@id":"https:\/\/audeo-event.be\/en\/#website"},"datePublished":"2024-12-10T14:09:36+00:00","dateModified":"2025-05-22T15:20:30+00:00","description":"Louez du mat\u00e9riel audiovisuel haut de gamme (L-Acoustics, Blackmagic, Ayrton) chez Audeo Event. Retrait facile \u00e0 Vilvorde pr\u00e8s de Bruxelles.","breadcrumb":{"@id":"https:\/\/audeo-event.be\/en\/location\/#breadcrumb"},"inLanguage":"en-US","potentialAction":[{"@type":"ReadAction","target":["https:\/\/audeo-event.be\/en\/location\/"]}]},{"@type":"BreadcrumbList","@id":"https:\/\/audeo-event.be\/en\/location\/#breadcrumb","itemListElement":[{"@type":"ListItem","position":1,"name":"Accueil","item":"https:\/\/audeo-event.be\/en\/"},{"@type":"ListItem","position":2,"name":"Location"}]},{"@type":"WebSite","@id":"https:\/\/audeo-event.be\/en\/#website","url":"https:\/\/audeo-event.be\/en\/","name":"Audeo Event","description":"","publisher":{"@id":"https:\/\/audeo-event.be\/en\/#organization"},"potentialAction":[{"@type":"SearchAction","target":{"@type":"EntryPoint","urlTemplate":"https:\/\/audeo-event.be\/en\/?s={search_term_string}"},"query-input":{"@type":"PropertyValueSpecification","valueRequired":true,"valueName":"search_term_string"}}],"inLanguage":"en-US"},{"@type":"Organization","@id":"https:\/\/audeo-event.be\/en\/#organization","name":"Audeo Event","url":"https:\/\/audeo-event.be\/en\/","logo":{"@type":"ImageObject","inLanguage":"en-US","@id":"https:\/\/audeo-event.be\/en\/#\/schema\/logo\/image\/","url":"https:\/\/audeo-event.be\/wp-content\/uploads\/2024\/12\/AUDEO-Logo-white-backgound.png","contentUrl":"https:\/\/audeo-event.be\/wp-content\/uploads\/2024\/12\/AUDEO-Logo-white-backgound.png","width":2556,"height":1621,"caption":"Audeo Event"},"image":{"@id":"https:\/\/audeo-event.be\/en\/#\/schema\/logo\/image\/"},"sameAs":["https:\/\/www.facebook.com\/audeoevent"]}]}},"_links":{"self":[{"href":"https:\/\/audeo-event.be\/en\/wp-json\/wp\/v2\/pages\/55702","targetHints":{"allow":["GET"]}}],"collection":[{"href":"https:\/\/audeo-event.be\/en\/wp-json\/wp\/v2\/pages"}],"about":[{"href":"https:\/\/audeo-event.be\/en\/wp-json\/wp\/v2\/types\/page"}],"author":[{"embeddable":true,"href":"https:\/\/audeo-event.be\/en\/wp-json\/wp\/v2\/users\/1"}],"replies":[{"embeddable":true,"href":"https:\/\/audeo-event.be\/en\/wp-json\/wp\/v2\/comments?post=55702"}],"version-history":[{"count":3,"href":"https:\/\/audeo-event.be\/en\/wp-json\/wp\/v2\/pages\/55702\/revisions"}],"predecessor-version":[{"id":55759,"href":"https:\/\/audeo-event.be\/en\/wp-json\/wp\/v2\/pages\/55702\/revisions\/55759"}],"wp:attachment":[{"href":"https:\/\/audeo-event.be\/en\/wp-json\/wp\/v2\/media?parent=55702"}],"curies":[{"name":"wp","href":"https:\/\/api.w.org\/{rel}","templated":true}]}}