{"id":55700,"date":"2024-12-20T12:02:46","date_gmt":"2024-12-20T12:02:46","guid":{"rendered":"https:\/\/audeo-event.be\/vente\/"},"modified":"2025-05-22T15:06:19","modified_gmt":"2025-05-22T15:06:19","slug":"vente","status":"publish","type":"page","link":"https:\/\/audeo-event.be\/en\/vente\/","title":{"rendered":"Vente"},"content":{"rendered":"<p>[et_pb_section fb_built=&#8221;1&#8243; module_id=&#8221;header-page&#8221; _builder_version=&#8221;4.27.0&#8243; _module_preset=&#8221;default&#8221; background_color=&#8221;RGBA(255,255,255,0)&#8221; global_colors_info=&#8221;{}&#8221;][et_pb_row module_id=&#8221;header-page-1&#8243; _builder_version=&#8221;4.27.0&#8243; _module_preset=&#8221;default&#8221; global_colors_info=&#8221;{}&#8221;][et_pb_column type=&#8221;4_4&#8243; _builder_version=&#8221;4.27.0&#8243; _module_preset=&#8221;default&#8221; global_colors_info=&#8221;{}&#8221;][et_pb_text module_id=&#8221;header-page-1-text&#8221; _builder_version=&#8221;4.27.0&#8243; _module_preset=&#8221;default&#8221; animation_style=&#8221;slide&#8221; animation_direction=&#8221;bottom&#8221; global_colors_info=&#8221;{}&#8221;]<\/p>\n<h1 style=\"text-align: center;\">Your event, our<br \/><span style=\"color: #3c6ea0;\">Technical expertise<\/span><\/h1>\n<p>[\/et_pb_text][\/et_pb_column][\/et_pb_row][et_pb_row module_id=&#8221;header-page-2&#8243; _builder_version=&#8221;4.27.0&#8243; _module_preset=&#8221;default&#8221; global_colors_info=&#8221;{}&#8221;][et_pb_column type=&#8221;4_4&#8243; _builder_version=&#8221;4.27.0&#8243; _module_preset=&#8221;default&#8221; global_colors_info=&#8221;{}&#8221;][et_pb_button button_url=&#8221;\/en\/references\/&#8221; button_text=&#8221;See our references&#8221; module_class=&#8221;btn-style-1 header-page-btns&#8221; _builder_version=&#8221;4.27.4&#8243; _module_preset=&#8221;default&#8221; animation_style=&#8221;fade&#8221; animation_delay=&#8221;1000ms&#8221; hover_enabled=&#8221;0&#8243; global_colors_info=&#8221;{}&#8221; sticky_enabled=&#8221;0&#8243;][\/et_pb_button][et_pb_button button_url=&#8221;\/en\/contact\/&#8221; button_text=&#8221;Organise an event&#8221; module_class=&#8221;btn-style-2 header-page-btns&#8221; _builder_version=&#8221;4.27.4&#8243; _module_preset=&#8221;default&#8221; animation_style=&#8221;fade&#8221; animation_delay=&#8221;1200ms&#8221; hover_enabled=&#8221;0&#8243; global_colors_info=&#8221;{}&#8221; sticky_enabled=&#8221;0&#8243;][\/et_pb_button][\/et_pb_column][\/et_pb_row][et_pb_row module_id=&#8221;header-page-3&#8243; _builder_version=&#8221;4.27.0&#8243; _module_preset=&#8221;default&#8221; global_colors_info=&#8221;{}&#8221;][et_pb_column type=&#8221;4_4&#8243; _builder_version=&#8221;4.27.0&#8243; _module_preset=&#8221;default&#8221; global_colors_info=&#8221;{}&#8221;][et_pb_image src=&#8221;https:\/\/audeo-event.be\/wp-content\/uploads\/2024\/12\/Votre-Evenement-Notre-Expertise-Technique-min.png&#8221; title_text=&#8221;Votre \u00c9v\u00e9nement, Notre Expertise Technique-min&#8221; module_id=&#8221;header-page-image&#8221; module_class=&#8221;image-desktop-tablet header-page-image&#8221; _builder_version=&#8221;4.27.0&#8243; _module_preset=&#8221;default&#8221; animation_style=&#8221;fade&#8221; global_colors_info=&#8221;{}&#8221;][\/et_pb_image][et_pb_image src=&#8221;https:\/\/audeo-event.be\/wp-content\/uploads\/2024\/12\/Votre-Evenement-Notre-Expertise-Technique-min-mobile.png&#8221; title_text=&#8221;Votre \u00c9v\u00e9nement, Notre Expertise Technique-min mobile&#8221; module_id=&#8221;header-page-image&#8221; module_class=&#8221;image-mobile header-page-image&#8221; _builder_version=&#8221;4.27.0&#8243; _module_preset=&#8221;default&#8221; animation_style=&#8221;fade&#8221; global_colors_info=&#8221;{}&#8221;][\/et_pb_image][\/et_pb_column][\/et_pb_row][\/et_pb_section][et_pb_section fb_built=&#8221;1&#8243; module_id=&#8221;pdf-bloc&#8221; _builder_version=&#8221;4.27.0&#8243; _module_preset=&#8221;default&#8221; background_color=&#8221;RGBA(255,255,255,0)&#8221; global_colors_info=&#8221;{}&#8221;][et_pb_row module_id=&#8221;pdf-bloc-1&#8243; _builder_version=&#8221;4.27.0&#8243; _module_preset=&#8221;default&#8221; global_colors_info=&#8221;{}&#8221;][et_pb_column type=&#8221;4_4&#8243; _builder_version=&#8221;4.27.0&#8243; _module_preset=&#8221;default&#8221; global_colors_info=&#8221;{}&#8221;][et_pb_text _builder_version=&#8221;4.27.4&#8243; _module_preset=&#8221;default&#8221; animation_style=&#8221;slide&#8221; animation_direction=&#8221;bottom&#8221; global_colors_info=&#8221;{}&#8221;]<\/p>\n<h2 style=\"text-align: center;\"><b data-stringify-type=\"bold\">Looking for used <\/b><b data-stringify-type=\"bold\"><span style=\"color: #0000ff;\">Audiovisual equipment<\/span>?<\/b><\/h2>\n<p data-start=\"54\" data-end=\"315\" style=\"text-align: center;\">We take pride in staying at the cutting edge of technology in all areas: sound, lighting, and video. To achieve this, we regularly update our equipment fleet and offer second-hand audiovisual gear for sale\u2014well-maintained and in excellent condition.<\/p>\n<p data-start=\"317\" data-end=\"646\" style=\"text-align: center;\">Whether you&#8217;re located in Brussels, Gembloux, Vilvoorde, Tervuren, Enghien, Louvain-la-Neuve, or elsewhere in Wallonia and Flanders, discover a selection of reliable, high-performance equipment that meets your needs while respecting your budget. Browse the list of available equipment below.<\/p>\n<p>[\/et_pb_text][\/et_pb_column][\/et_pb_row][et_pb_row module_id=&#8221;pdf-bloc-2&#8243; _builder_version=&#8221;4.27.0&#8243; _module_preset=&#8221;default&#8221; global_colors_info=&#8221;{}&#8221;][et_pb_column type=&#8221;4_4&#8243; _builder_version=&#8221;4.27.0&#8243; _module_preset=&#8221;default&#8221; global_colors_info=&#8221;{}&#8221;][et_pb_code module_id=&#8221;pdf-flipbook&#8221; _builder_version=&#8221;4.27.0&#8243; _module_preset=&#8221;default&#8221; animation_style=&#8221;fade&#8221; global_colors_info=&#8221;{}&#8221;]<div class=\"_df_book df-lite\" id=\"df_891\"  _slug=\"vente\" data-title=\"vente\" wpoptions=\"true\" thumbtype=\"\" ><\/div><script class=\"df-shortcode-script\" nowprocket type=\"application\/javascript\">window.option_df_891 = {\"outline\":[],\"backgroundColor\":\"#0e1a36\",\"height\":\"1000\",\"viewerType\":\"flipbook\",\"autoEnableOutline\":\"false\",\"autoEnableThumbnail\":\"false\",\"overwritePDFOutline\":\"false\",\"direction\":\"1\",\"pageSize\":\"0\",\"pageMode\":\"1\",\"singlePageMode\":\"0\",\"controlsPosition\":\"top\",\"soundEnable\":\"false\",\"source\":\"https:\\\/\\\/audeo-event.be\\\/wp-content\\\/uploads\\\/2025\\\/01\\\/Catalogue-seconde-main-v3.pdf\",\"wpOptions\":\"true\"}; if(window.DFLIP && window.DFLIP.parseBooks){window.DFLIP.parseBooks();}<\/script>[\/et_pb_code][\/et_pb_column][\/et_pb_row][\/et_pb_section]<\/p>\n","protected":false},"excerpt":{"rendered":"<p>Your event, ourTechnical expertiseLooking for used Audiovisual equipment? We take pride in staying at the cutting edge of technology in all areas: sound, lighting, and video. To achieve this, we regularly update our equipment fleet and offer second-hand audiovisual gear for sale\u2014well-maintained and in excellent condition. Whether you&#8217;re located in Brussels, Gembloux, Vilvoorde, Tervuren, Enghien, [&hellip;]<\/p>\n","protected":false},"author":1,"featured_media":0,"parent":0,"menu_order":0,"comment_status":"closed","ping_status":"closed","template":"","meta":{"_acf_changed":false,"_et_pb_use_builder":"on","_et_pb_old_content":"<!-- wp:divi\/placeholder \/-->","_et_gb_content_width":"","inline_featured_image":false,"footnotes":""},"class_list":["post-55700","page","type-page","status-publish","hentry"],"acf":[],"yoast_head":"<!-- This site is optimized with the Yoast SEO plugin v27.6 - https:\/\/yoast.com\/product\/yoast-seo-wordpress\/ -->\n<title>Mat\u00e9riel audiovisuel d&#039;occasion en vente en Belgique - Audeo Event<\/title>\n<meta name=\"description\" content=\"Achetez du mat\u00e9riel audiovisuel d\u2019occasion fiable chez Audeo Event\u202f: son, lumi\u00e8re, vid\u00e9o. Disponible \u00e0 Bruxelles, Vilvorde et partout en Belgique.\" \/>\n<meta name=\"robots\" content=\"index, follow, max-snippet:-1, max-image-preview:large, max-video-preview:-1\" \/>\n<link rel=\"canonical\" href=\"https:\/\/audeo-event.be\/en\/vente\/\" \/>\n<meta property=\"og:locale\" content=\"en_US\" \/>\n<meta property=\"og:type\" content=\"article\" \/>\n<meta property=\"og:title\" content=\"Mat\u00e9riel audiovisuel d&#039;occasion en vente en Belgique - Audeo Event\" \/>\n<meta property=\"og:description\" content=\"Achetez du mat\u00e9riel audiovisuel d\u2019occasion fiable chez Audeo Event\u202f: son, lumi\u00e8re, vid\u00e9o. Disponible \u00e0 Bruxelles, Vilvorde et partout en Belgique.\" \/>\n<meta property=\"og:url\" content=\"https:\/\/audeo-event.be\/en\/vente\/\" \/>\n<meta property=\"og:site_name\" content=\"Audeo\" \/>\n<meta property=\"article:publisher\" content=\"https:\/\/www.facebook.com\/audeoevent\" \/>\n<meta property=\"article:modified_time\" content=\"2025-05-22T15:06:19+00:00\" \/>\n<meta name=\"twitter:card\" content=\"summary_large_image\" \/>\n<meta name=\"twitter:label1\" content=\"Est. reading time\" \/>\n\t<meta name=\"twitter:data1\" content=\"1 minute\" \/>\n<script type=\"application\/ld+json\" class=\"yoast-schema-graph\">{\"@context\":\"https:\\\/\\\/schema.org\",\"@graph\":[{\"@type\":\"WebPage\",\"@id\":\"https:\\\/\\\/audeo-event.be\\\/en\\\/vente\\\/\",\"url\":\"https:\\\/\\\/audeo-event.be\\\/en\\\/vente\\\/\",\"name\":\"Mat\u00e9riel audiovisuel d'occasion en vente en Belgique - Audeo Event\",\"isPartOf\":{\"@id\":\"https:\\\/\\\/audeo-event.be\\\/en\\\/#website\"},\"datePublished\":\"2024-12-20T12:02:46+00:00\",\"dateModified\":\"2025-05-22T15:06:19+00:00\",\"description\":\"Achetez du mat\u00e9riel audiovisuel d\u2019occasion fiable chez Audeo Event\u202f: son, lumi\u00e8re, vid\u00e9o. Disponible \u00e0 Bruxelles, Vilvorde et partout en Belgique.\",\"breadcrumb\":{\"@id\":\"https:\\\/\\\/audeo-event.be\\\/en\\\/vente\\\/#breadcrumb\"},\"inLanguage\":\"en-US\",\"potentialAction\":[{\"@type\":\"ReadAction\",\"target\":[\"https:\\\/\\\/audeo-event.be\\\/en\\\/vente\\\/\"]}]},{\"@type\":\"BreadcrumbList\",\"@id\":\"https:\\\/\\\/audeo-event.be\\\/en\\\/vente\\\/#breadcrumb\",\"itemListElement\":[{\"@type\":\"ListItem\",\"position\":1,\"name\":\"Accueil\",\"item\":\"https:\\\/\\\/audeo-event.be\\\/en\\\/\"},{\"@type\":\"ListItem\",\"position\":2,\"name\":\"Vente\"}]},{\"@type\":\"WebSite\",\"@id\":\"https:\\\/\\\/audeo-event.be\\\/en\\\/#website\",\"url\":\"https:\\\/\\\/audeo-event.be\\\/en\\\/\",\"name\":\"Audeo Event\",\"description\":\"\",\"publisher\":{\"@id\":\"https:\\\/\\\/audeo-event.be\\\/en\\\/#organization\"},\"potentialAction\":[{\"@type\":\"SearchAction\",\"target\":{\"@type\":\"EntryPoint\",\"urlTemplate\":\"https:\\\/\\\/audeo-event.be\\\/en\\\/?s={search_term_string}\"},\"query-input\":{\"@type\":\"PropertyValueSpecification\",\"valueRequired\":true,\"valueName\":\"search_term_string\"}}],\"inLanguage\":\"en-US\"},{\"@type\":\"Organization\",\"@id\":\"https:\\\/\\\/audeo-event.be\\\/en\\\/#organization\",\"name\":\"Audeo Event\",\"url\":\"https:\\\/\\\/audeo-event.be\\\/en\\\/\",\"logo\":{\"@type\":\"ImageObject\",\"inLanguage\":\"en-US\",\"@id\":\"https:\\\/\\\/audeo-event.be\\\/en\\\/#\\\/schema\\\/logo\\\/image\\\/\",\"url\":\"https:\\\/\\\/audeo-event.be\\\/wp-content\\\/uploads\\\/2024\\\/12\\\/AUDEO-Logo-white-backgound.png\",\"contentUrl\":\"https:\\\/\\\/audeo-event.be\\\/wp-content\\\/uploads\\\/2024\\\/12\\\/AUDEO-Logo-white-backgound.png\",\"width\":2556,\"height\":1621,\"caption\":\"Audeo Event\"},\"image\":{\"@id\":\"https:\\\/\\\/audeo-event.be\\\/en\\\/#\\\/schema\\\/logo\\\/image\\\/\"},\"sameAs\":[\"https:\\\/\\\/www.facebook.com\\\/audeoevent\"]}]}<\/script>\n<!-- \/ Yoast SEO plugin. -->","yoast_head_json":{"title":"Mat\u00e9riel audiovisuel d'occasion en vente en Belgique - Audeo Event","description":"Achetez du mat\u00e9riel audiovisuel d\u2019occasion fiable chez Audeo Event\u202f: son, lumi\u00e8re, vid\u00e9o. Disponible \u00e0 Bruxelles, Vilvorde et partout en Belgique.","robots":{"index":"index","follow":"follow","max-snippet":"max-snippet:-1","max-image-preview":"max-image-preview:large","max-video-preview":"max-video-preview:-1"},"canonical":"https:\/\/audeo-event.be\/en\/vente\/","og_locale":"en_US","og_type":"article","og_title":"Mat\u00e9riel audiovisuel d'occasion en vente en Belgique - Audeo Event","og_description":"Achetez du mat\u00e9riel audiovisuel d\u2019occasion fiable chez Audeo Event\u202f: son, lumi\u00e8re, vid\u00e9o. Disponible \u00e0 Bruxelles, Vilvorde et partout en Belgique.","og_url":"https:\/\/audeo-event.be\/en\/vente\/","og_site_name":"Audeo","article_publisher":"https:\/\/www.facebook.com\/audeoevent","article_modified_time":"2025-05-22T15:06:19+00:00","twitter_card":"summary_large_image","twitter_misc":{"Est. reading time":"1 minute"},"schema":{"@context":"https:\/\/schema.org","@graph":[{"@type":"WebPage","@id":"https:\/\/audeo-event.be\/en\/vente\/","url":"https:\/\/audeo-event.be\/en\/vente\/","name":"Mat\u00e9riel audiovisuel d'occasion en vente en Belgique - Audeo Event","isPartOf":{"@id":"https:\/\/audeo-event.be\/en\/#website"},"datePublished":"2024-12-20T12:02:46+00:00","dateModified":"2025-05-22T15:06:19+00:00","description":"Achetez du mat\u00e9riel audiovisuel d\u2019occasion fiable chez Audeo Event\u202f: son, lumi\u00e8re, vid\u00e9o. Disponible \u00e0 Bruxelles, Vilvorde et partout en Belgique.","breadcrumb":{"@id":"https:\/\/audeo-event.be\/en\/vente\/#breadcrumb"},"inLanguage":"en-US","potentialAction":[{"@type":"ReadAction","target":["https:\/\/audeo-event.be\/en\/vente\/"]}]},{"@type":"BreadcrumbList","@id":"https:\/\/audeo-event.be\/en\/vente\/#breadcrumb","itemListElement":[{"@type":"ListItem","position":1,"name":"Accueil","item":"https:\/\/audeo-event.be\/en\/"},{"@type":"ListItem","position":2,"name":"Vente"}]},{"@type":"WebSite","@id":"https:\/\/audeo-event.be\/en\/#website","url":"https:\/\/audeo-event.be\/en\/","name":"Audeo Event","description":"","publisher":{"@id":"https:\/\/audeo-event.be\/en\/#organization"},"potentialAction":[{"@type":"SearchAction","target":{"@type":"EntryPoint","urlTemplate":"https:\/\/audeo-event.be\/en\/?s={search_term_string}"},"query-input":{"@type":"PropertyValueSpecification","valueRequired":true,"valueName":"search_term_string"}}],"inLanguage":"en-US"},{"@type":"Organization","@id":"https:\/\/audeo-event.be\/en\/#organization","name":"Audeo Event","url":"https:\/\/audeo-event.be\/en\/","logo":{"@type":"ImageObject","inLanguage":"en-US","@id":"https:\/\/audeo-event.be\/en\/#\/schema\/logo\/image\/","url":"https:\/\/audeo-event.be\/wp-content\/uploads\/2024\/12\/AUDEO-Logo-white-backgound.png","contentUrl":"https:\/\/audeo-event.be\/wp-content\/uploads\/2024\/12\/AUDEO-Logo-white-backgound.png","width":2556,"height":1621,"caption":"Audeo Event"},"image":{"@id":"https:\/\/audeo-event.be\/en\/#\/schema\/logo\/image\/"},"sameAs":["https:\/\/www.facebook.com\/audeoevent"]}]}},"_links":{"self":[{"href":"https:\/\/audeo-event.be\/en\/wp-json\/wp\/v2\/pages\/55700","targetHints":{"allow":["GET"]}}],"collection":[{"href":"https:\/\/audeo-event.be\/en\/wp-json\/wp\/v2\/pages"}],"about":[{"href":"https:\/\/audeo-event.be\/en\/wp-json\/wp\/v2\/types\/page"}],"author":[{"embeddable":true,"href":"https:\/\/audeo-event.be\/en\/wp-json\/wp\/v2\/users\/1"}],"replies":[{"embeddable":true,"href":"https:\/\/audeo-event.be\/en\/wp-json\/wp\/v2\/comments?post=55700"}],"version-history":[{"count":2,"href":"https:\/\/audeo-event.be\/en\/wp-json\/wp\/v2\/pages\/55700\/revisions"}],"predecessor-version":[{"id":55756,"href":"https:\/\/audeo-event.be\/en\/wp-json\/wp\/v2\/pages\/55700\/revisions\/55756"}],"wp:attachment":[{"href":"https:\/\/audeo-event.be\/en\/wp-json\/wp\/v2\/media?parent=55700"}],"curies":[{"name":"wp","href":"https:\/\/api.w.org\/{rel}","templated":true}]}}